{"id":11302,"date":"2021-10-06T00:28:21","date_gmt":"2021-10-05T22:28:21","guid":{"rendered":"https:\/\/www.sgnafo-praxis.ch\/a-propos-de-nous\/mentions-legales\/"},"modified":"2026-03-31T13:44:35","modified_gmt":"2026-03-31T11:44:35","slug":"mentions-legales","status":"publish","type":"page","link":"https:\/\/www.sgnafo-praxis.ch\/fr\/a-propos-de-nous\/mentions-legales\/","title":{"rendered":"Mentions l\u00e9gales"},"content":{"rendered":"\t\t<div data-elementor-type=\"wp-page\" data-elementor-id=\"11302\" class=\"elementor elementor-11302 elementor-5233\" data-elementor-post-type=\"page\">\n\t\t\t\t\t\t<section class=\"elementor-section elementor-top-section elementor-element elementor-element-595d4d4 elementor-section-content-middle elementor-section-boxed elementor-section-height-default elementor-section-height-default e-parent\" data-id=\"595d4d4\" data-element_type=\"section\" data-settings=\"{&quot;background_background&quot;:&quot;classic&quot;}\">\n\t\t\t\t\t\t<div class=\"elementor-container elementor-column-gap-default\">\n\t\t\t\t\t<div class=\"elementor-column elementor-col-100 elementor-top-column elementor-element elementor-element-a58fd1d lakit-col-width-auto-no\" data-id=\"a58fd1d\" data-element_type=\"column\">\n\t\t\t<div class=\"elementor-widget-wrap elementor-element-populated\">\n\t\t\t\t\t\t<div class=\"elementor-element elementor-element-e76a9d4 animated-slow lakit-has-entrance-animation elementor-widget elementor-widget-heading\" data-id=\"e76a9d4\" data-element_type=\"widget\" data-settings=\"{&quot;_animation&quot;:&quot;none&quot;}\" data-widget_type=\"heading.default\">\n\t\t\t\t<div class=\"elementor-widget-container\">\n\t\t\t\t\t<h1 class=\"elementor-heading-title elementor-size-default\">Mentions l\u00e9gales<\/h1>\t\t\t\t<\/div>\n\t\t\t\t<\/div>\n\t\t\t\t<section class=\"elementor-section elementor-inner-section elementor-element elementor-element-eecd251 elementor-section-content-top elementor-section-boxed elementor-section-height-default elementor-section-height-default\" data-id=\"eecd251\" data-element_type=\"section\">\n\t\t\t\t\t\t<div class=\"elementor-container elementor-column-gap-no\">\n\t\t\t\t\t<div class=\"elementor-column elementor-col-33 elementor-inner-column elementor-element elementor-element-dfc7cea lakit-col-width-auto-no\" data-id=\"dfc7cea\" data-element_type=\"column\">\n\t\t\t<div class=\"elementor-widget-wrap elementor-element-populated\">\n\t\t\t\t\t\t<div class=\"elementor-element elementor-element-e892906 elementor-widget__width-auto elementor-widget elementor-widget-text-editor\" data-id=\"e892906\" data-element_type=\"widget\" data-widget_type=\"text-editor.default\">\n\t\t\t\t<div class=\"elementor-widget-container\">\n\t\t\t\t\t\t\t\t\t<p><strong>Succession Saint-Galloise gmbh<br>Frank Halter<\/strong><\/p>\t\t\t\t\t\t\t\t<\/div>\n\t\t\t\t<\/div>\n\t\t\t\t<div class=\"elementor-element elementor-element-5e2562d elementor-widget elementor-widget-text-editor\" data-id=\"5e2562d\" data-element_type=\"widget\" data-widget_type=\"text-editor.default\">\n\t\t\t\t<div class=\"elementor-widget-container\">\n\t\t\t\t\t\t\t\t\t<p>Oberwies\u00adstrasse 108 B<br>CH \u2013 8645 Rapperswil-Jona<\/p><p><a href=\"mailto:praxis@sgnafo.ch\">praxis@sgnafo.ch<\/a><\/p>\t\t\t\t\t\t\t\t<\/div>\n\t\t\t\t<\/div>\n\t\t\t\t\t<\/div>\n\t\t<\/div>\n\t\t\t\t<div class=\"elementor-column elementor-col-33 elementor-inner-column elementor-element elementor-element-43d0e9e lakit-col-width-auto-no\" data-id=\"43d0e9e\" data-element_type=\"column\">\n\t\t\t<div class=\"elementor-widget-wrap elementor-element-populated\">\n\t\t\t\t\t\t<div class=\"elementor-element elementor-element-ac8df72 elementor-widget__width-auto elementor-widget elementor-widget-text-editor\" data-id=\"ac8df72\" data-element_type=\"widget\" data-widget_type=\"text-editor.default\">\n\t\t\t\t<div class=\"elementor-widget-container\">\n\t\t\t\t\t\t\t\t\t<p><strong>Conception et programmation<\/strong><\/p>\t\t\t\t\t\t\t\t<\/div>\n\t\t\t\t<\/div>\n\t\t\t\t<div class=\"elementor-element elementor-element-f7dfbc9 elementor-widget elementor-widget-text-editor\" data-id=\"f7dfbc9\" data-element_type=\"widget\" data-widget_type=\"text-editor.default\">\n\t\t\t\t<div class=\"elementor-widget-container\">\n\t\t\t\t\t\t\t\t\t<p><a href=\"https:\/\/www.entlebucher-medienhaus.ch\/\" target=\"_blank\" rel=\"noopener\">Entle\u00adbucher Medienhaus<\/a><\/p>\t\t\t\t\t\t\t\t<\/div>\n\t\t\t\t<\/div>\n\t\t\t\t\t<\/div>\n\t\t<\/div>\n\t\t\t\t<div class=\"elementor-column elementor-col-33 elementor-inner-column elementor-element elementor-element-8bb4512 lakit-col-width-auto-no\" data-id=\"8bb4512\" data-element_type=\"column\">\n\t\t\t<div class=\"elementor-widget-wrap\">\n\t\t\t\t\t\t\t<\/div>\n\t\t<\/div>\n\t\t\t\t\t<\/div>\n\t\t<\/section>\n\t\t\t\t<section class=\"elementor-section elementor-inner-section elementor-element elementor-element-dee683f elementor-section-content-top elementor-section-boxed elementor-section-height-default elementor-section-height-default\" data-id=\"dee683f\" data-element_type=\"section\">\n\t\t\t\t\t\t<div class=\"elementor-container elementor-column-gap-no\">\n\t\t\t\t\t<div class=\"elementor-column elementor-col-100 elementor-inner-column elementor-element elementor-element-c08cbce lakit-col-width-auto-no\" data-id=\"c08cbce\" data-element_type=\"column\">\n\t\t\t<div class=\"elementor-widget-wrap elementor-element-populated\">\n\t\t\t\t\t\t<div class=\"elementor-element elementor-element-36df065 elementor-widget elementor-widget-text-editor\" data-id=\"36df065\" data-element_type=\"widget\" data-widget_type=\"text-editor.default\">\n\t\t\t\t<div class=\"elementor-widget-container\">\n\t\t\t\t\t\t\t\t\t<p><strong>Copyright<\/strong><\/p><p>Succession Saint-Galloise gmbh, Frank Halter, d\u00e9tient les droits d\u2019auteur de l\u2019ensemble du contenu de ce&nbsp;site.<\/p><p><strong><br>Clause de non-responsabilit\u00e9<br><\/strong><\/p><p>Tous les textes et liens ont \u00e9t\u00e9 soigneu\u00adsement v\u00e9rifi\u00e9s et sont mis \u00e0 jour en perma\u00adnence. Nous nous effor\u00e7ons de fournir des infor\u00adma\u00adtions exactes et compl\u00e8tes sur ce site, mais nous n\u2019assumons aucune responsa\u00adbilit\u00e9, garantie ou obligation quant \u00e0 l\u2019exac\u00adtitude, l\u2019exhaus\u00adtivit\u00e9 ou l\u2019actualit\u00e9 des infor\u00adma\u00adtions fournies par le biais de ce site. Nous nous r\u00e9servons le droit de modifier \u00e0 tout moment et sans pr\u00e9avis les infor\u00adma\u00adtions contenues dans ce site et nous ne nous engageons pas \u00e0 mettre \u00e0 jour les infor\u00adma\u00adtions contenues. Tous les liens vers des fournis\u00adseurs externes ont \u00e9t\u00e9 v\u00e9rifi\u00e9s au moment de leur inclusion, mais nous ne sommes pas respons\u00adables du contenu et de la dispo\u00adni\u00adbilit\u00e9 des sites Web acces\u00adsibles par des hyper\u00adliens. Seul le fournisseur de la page \u00e0 laquelle il est fait r\u00e9f\u00e9rence est responsable des contenus ill\u00e9gaux, erron\u00e9s ou incom\u00adplets et, en parti\u00adculier, des dommages caus\u00e9s par les contenus des pages auxquelles il est fait r\u00e9f\u00e9rence. Il est indif\u00adf\u00e9rent que le dommage soit de nature directe, indirecte ou finan\u00adci\u00e8re ou qu\u2019il s\u2019agisse d\u2019un autre dommage qui pourrait r\u00e9sulter d\u2019une perte de donn\u00e9es, d\u2019une perte d\u2019uti\u00adli\u00adsation ou de toute autre cause de quelque nature que ce&nbsp;soit.<\/p><p><strong><a href=\"https:\/\/www.sgnafo-praxis.ch\/fr\/a-propos-de-nous\/declaration-de-confidentialite\/\" target=\"_blank\" rel=\"noopener\">D\u00e9cla\u00adration de confidentialit\u00e9<\/a><\/strong><\/p>\t\t\t\t\t\t\t\t<\/div>\n\t\t\t\t<\/div>\n\t\t\t\t\t<\/div>\n\t\t<\/div>\n\t\t\t\t\t<\/div>\n\t\t<\/section>\n\t\t\t\t\t<\/div>\n\t\t<\/div>\n\t\t\t\t\t<\/div>\n\t\t<\/section>\n\t\t\t\t<\/div>\n\t\t","protected":false},"excerpt":{"rendered":"<p>Mentions l\u00e9gales Succession Saint-Galloise gmbhFrank Halter Oberwies\u00adstrasse 108 BCH \u2013 8645 Rapperswil-Jona praxis@sgnafo.ch Conception et program\u00admation Entle\u00adbucher Medienhaus Copyright Succession Saint-Galloise gmbh, Frank Halter, d\u00e9tient les droits d\u2019auteur de l\u2019ensemble du contenu de ce&nbsp;site. Clause de non-responsa\u00adbilit\u00e9 Tous les textes et liens ont \u00e9t\u00e9 soigneu\u00adsement v\u00e9rifi\u00e9s et sont mis \u00e0 jour en perma\u00adnence. Nous&nbsp;nous&nbsp;[\u2026]<\/p>\n","protected":false},"author":1,"featured_media":0,"parent":11299,"menu_order":0,"comment_status":"closed","ping_status":"closed","template":"elementor_header_footer","meta":{"wp_typography_post_enhancements_disabled":false,"footnotes":""},"class_list":["post-11302","page","type-page","status-publish","hentry"],"yoast_head":"<!-- This site is optimized with the Yoast SEO plugin v26.8 - https:\/\/yoast.com\/product\/yoast-seo-wordpress\/ -->\n<title>Mentions l\u00e9gales - St. Galler Nachfolge Praxis<\/title>\n<meta name=\"robots\" content=\"index, follow, max-snippet:-1, max-image-preview:large, max-video-preview:-1\" \/>\n<link rel=\"canonical\" href=\"https:\/\/www.sgnafo-praxis.ch\/fr\/a-propos-de-nous\/mentions-legales\/\" \/>\n<meta property=\"og:locale\" content=\"fr_FR\" \/>\n<meta property=\"og:type\" content=\"article\" \/>\n<meta property=\"og:title\" content=\"Mentions l\u00e9gales - St. Galler Nachfolge Praxis\" \/>\n<meta property=\"og:description\" content=\"Mentions l\u00e9gales Succession Saint-Galloise gmbhFrank Halter Oberwies\u00adstrasse 108 BCH \u2013 8645 Rapperswil-Jona praxis@sgnafo.ch Conception et programmation Entle\u00adbucher Medienhaus Copyright Succession Saint-Galloise gmbh, Frank Halter, d\u00e9tient les droits d\u2019auteur de l\u2019ensemble du contenu de ce&nbsp;site. Clause de non-responsabilit\u00e9 Tous les textes et liens ont \u00e9t\u00e9 soigneu\u00adsement v\u00e9rifi\u00e9s et sont mis \u00e0 jour en perma\u00adnence. Nous nous [&hellip;]\" \/>\n<meta property=\"og:url\" content=\"https:\/\/www.sgnafo-praxis.ch\/fr\/a-propos-de-nous\/mentions-legales\/\" \/>\n<meta property=\"og:site_name\" content=\"St. Galler Nachfolge Praxis\" \/>\n<meta property=\"article:modified_time\" content=\"2026-03-31T11:44:35+00:00\" \/>\n<meta property=\"og:image\" content=\"https:\/\/www.sgnafo-praxis.ch\/wp-content\/uploads\/2023\/07\/SGNAFO_Praxis-1.jpg\" \/>\n\t<meta property=\"og:image:width\" content=\"1340\" \/>\n\t<meta property=\"og:image:height\" content=\"790\" \/>\n\t<meta property=\"og:image:type\" content=\"image\/jpeg\" \/>\n<meta name=\"twitter:card\" content=\"summary_large_image\" \/>\n<meta name=\"twitter:label1\" content=\"Dur\u00e9e de lecture estim\u00e9e\" \/>\n\t<meta name=\"twitter:data1\" content=\"1 minute\" \/>\n<script type=\"application\/ld+json\" class=\"yoast-schema-graph\">{\"@context\":\"https:\/\/schema.org\",\"@graph\":[{\"@type\":\"WebPage\",\"@id\":\"https:\/\/www.sgnafo-praxis.ch\/fr\/a-propos-de-nous\/mentions-legales\/\",\"url\":\"https:\/\/www.sgnafo-praxis.ch\/fr\/a-propos-de-nous\/mentions-legales\/\",\"name\":\"Mentions l\u00e9gales - St. Galler Nachfolge Praxis\",\"isPartOf\":{\"@id\":\"https:\/\/www.sgnafo-praxis.ch\/fr\/#website\"},\"datePublished\":\"2021-10-05T22:28:21+00:00\",\"dateModified\":\"2026-03-31T11:44:35+00:00\",\"breadcrumb\":{\"@id\":\"https:\/\/www.sgnafo-praxis.ch\/fr\/a-propos-de-nous\/mentions-legales\/#breadcrumb\"},\"inLanguage\":\"fr-FR\",\"potentialAction\":[{\"@type\":\"ReadAction\",\"target\":[\"https:\/\/www.sgnafo-praxis.ch\/fr\/a-propos-de-nous\/mentions-legales\/\"]}]},{\"@type\":\"BreadcrumbList\",\"@id\":\"https:\/\/www.sgnafo-praxis.ch\/fr\/a-propos-de-nous\/mentions-legales\/#breadcrumb\",\"itemListElement\":[{\"@type\":\"ListItem\",\"position\":1,\"name\":\"Startseite\",\"item\":\"https:\/\/www.sgnafo-praxis.ch\/fr\/\"},{\"@type\":\"ListItem\",\"position\":2,\"name\":\"\u00c0 propos de&nbsp;nous\",\"item\":\"https:\/\/www.sgnafo-praxis.ch\/fr\/a-propos-de-nous\/\"},{\"@type\":\"ListItem\",\"position\":3,\"name\":\"Mentions l\u00e9gales\"}]},{\"@type\":\"WebSite\",\"@id\":\"https:\/\/www.sgnafo-praxis.ch\/fr\/#website\",\"url\":\"https:\/\/www.sgnafo-praxis.ch\/fr\/\",\"name\":\"St. Galler Nachfolge Praxis\",\"description\":\"Praxis\",\"publisher\":{\"@id\":\"https:\/\/www.sgnafo-praxis.ch\/fr\/#organization\"},\"potentialAction\":[{\"@type\":\"SearchAction\",\"target\":{\"@type\":\"EntryPoint\",\"urlTemplate\":\"https:\/\/www.sgnafo-praxis.ch\/fr\/?s={search_term_string}\"},\"query-input\":{\"@type\":\"PropertyValueSpecification\",\"valueRequired\":true,\"valueName\":\"search_term_string\"}}],\"inLanguage\":\"fr-FR\"},{\"@type\":\"Organization\",\"@id\":\"https:\/\/www.sgnafo-praxis.ch\/fr\/#organization\",\"name\":\"St. Galler Nachfolge Praxis\",\"url\":\"https:\/\/www.sgnafo-praxis.ch\/fr\/\",\"logo\":{\"@type\":\"ImageObject\",\"inLanguage\":\"fr-FR\",\"@id\":\"https:\/\/www.sgnafo-praxis.ch\/fr\/#\/schema\/logo\/image\/\",\"url\":\"https:\/\/www.sgnafo-praxis.ch\/wp-content\/uploads\/2023\/07\/SGNAFO_Praxis_ICON.jpg\",\"contentUrl\":\"https:\/\/www.sgnafo-praxis.ch\/wp-content\/uploads\/2023\/07\/SGNAFO_Praxis_ICON.jpg\",\"width\":580,\"height\":544,\"caption\":\"St. Galler Nachfolge Praxis\"},\"image\":{\"@id\":\"https:\/\/www.sgnafo-praxis.ch\/fr\/#\/schema\/logo\/image\/\"}}]}<\/script>\n<!-- \/ Yoast SEO plugin. -->","yoast_head_json":{"title":"Mentions l\u00e9gales - St. Galler Nachfolge Praxis","robots":{"index":"index","follow":"follow","max-snippet":"max-snippet:-1","max-image-preview":"max-image-preview:large","max-video-preview":"max-video-preview:-1"},"canonical":"https:\/\/www.sgnafo-praxis.ch\/fr\/a-propos-de-nous\/mentions-legales\/","og_locale":"fr_FR","og_type":"article","og_title":"Mentions l\u00e9gales - St. Galler Nachfolge Praxis","og_description":"Mentions l\u00e9gales Succession Saint-Galloise gmbhFrank Halter Oberwies\u00adstrasse 108 BCH \u2013 8645 Rapperswil-Jona praxis@sgnafo.ch Conception et programmation Entle\u00adbucher Medienhaus Copyright Succession Saint-Galloise gmbh, Frank Halter, d\u00e9tient les droits d\u2019auteur de l\u2019ensemble du contenu de ce&nbsp;site. Clause de non-responsabilit\u00e9 Tous les textes et liens ont \u00e9t\u00e9 soigneu\u00adsement v\u00e9rifi\u00e9s et sont mis \u00e0 jour en perma\u00adnence. Nous nous [&hellip;]","og_url":"https:\/\/www.sgnafo-praxis.ch\/fr\/a-propos-de-nous\/mentions-legales\/","og_site_name":"St. Galler Nachfolge Praxis","article_modified_time":"2026-03-31T11:44:35+00:00","og_image":[{"width":1340,"height":790,"url":"https:\/\/www.sgnafo-praxis.ch\/wp-content\/uploads\/2023\/07\/SGNAFO_Praxis-1.jpg","type":"image\/jpeg"}],"twitter_card":"summary_large_image","twitter_misc":{"Dur\u00e9e de lecture estim\u00e9e":"1 minute"},"schema":{"@context":"https:\/\/schema.org","@graph":[{"@type":"WebPage","@id":"https:\/\/www.sgnafo-praxis.ch\/fr\/a-propos-de-nous\/mentions-legales\/","url":"https:\/\/www.sgnafo-praxis.ch\/fr\/a-propos-de-nous\/mentions-legales\/","name":"Mentions l\u00e9gales - St. Galler Nachfolge Praxis","isPartOf":{"@id":"https:\/\/www.sgnafo-praxis.ch\/fr\/#website"},"datePublished":"2021-10-05T22:28:21+00:00","dateModified":"2026-03-31T11:44:35+00:00","breadcrumb":{"@id":"https:\/\/www.sgnafo-praxis.ch\/fr\/a-propos-de-nous\/mentions-legales\/#breadcrumb"},"inLanguage":"fr-FR","potentialAction":[{"@type":"ReadAction","target":["https:\/\/www.sgnafo-praxis.ch\/fr\/a-propos-de-nous\/mentions-legales\/"]}]},{"@type":"BreadcrumbList","@id":"https:\/\/www.sgnafo-praxis.ch\/fr\/a-propos-de-nous\/mentions-legales\/#breadcrumb","itemListElement":[{"@type":"ListItem","position":1,"name":"Startseite","item":"https:\/\/www.sgnafo-praxis.ch\/fr\/"},{"@type":"ListItem","position":2,"name":"\u00c0 propos de&nbsp;nous","item":"https:\/\/www.sgnafo-praxis.ch\/fr\/a-propos-de-nous\/"},{"@type":"ListItem","position":3,"name":"Mentions l\u00e9gales"}]},{"@type":"WebSite","@id":"https:\/\/www.sgnafo-praxis.ch\/fr\/#website","url":"https:\/\/www.sgnafo-praxis.ch\/fr\/","name":"St. Galler Nachfolge Praxis","description":"Praxis","publisher":{"@id":"https:\/\/www.sgnafo-praxis.ch\/fr\/#organization"},"potentialAction":[{"@type":"SearchAction","target":{"@type":"EntryPoint","urlTemplate":"https:\/\/www.sgnafo-praxis.ch\/fr\/?s={search_term_string}"},"query-input":{"@type":"PropertyValueSpecification","valueRequired":true,"valueName":"search_term_string"}}],"inLanguage":"fr-FR"},{"@type":"Organization","@id":"https:\/\/www.sgnafo-praxis.ch\/fr\/#organization","name":"St. Galler Nachfolge Praxis","url":"https:\/\/www.sgnafo-praxis.ch\/fr\/","logo":{"@type":"ImageObject","inLanguage":"fr-FR","@id":"https:\/\/www.sgnafo-praxis.ch\/fr\/#\/schema\/logo\/image\/","url":"https:\/\/www.sgnafo-praxis.ch\/wp-content\/uploads\/2023\/07\/SGNAFO_Praxis_ICON.jpg","contentUrl":"https:\/\/www.sgnafo-praxis.ch\/wp-content\/uploads\/2023\/07\/SGNAFO_Praxis_ICON.jpg","width":580,"height":544,"caption":"St. Galler Nachfolge Praxis"},"image":{"@id":"https:\/\/www.sgnafo-praxis.ch\/fr\/#\/schema\/logo\/image\/"}}]}},"_links":{"self":[{"href":"https:\/\/www.sgnafo-praxis.ch\/fr\/wp-json\/wp\/v2\/pages\/11302","targetHints":{"allow":["GET"]}}],"collection":[{"href":"https:\/\/www.sgnafo-praxis.ch\/fr\/wp-json\/wp\/v2\/pages"}],"about":[{"href":"https:\/\/www.sgnafo-praxis.ch\/fr\/wp-json\/wp\/v2\/types\/page"}],"author":[{"embeddable":true,"href":"https:\/\/www.sgnafo-praxis.ch\/fr\/wp-json\/wp\/v2\/users\/1"}],"replies":[{"embeddable":true,"href":"https:\/\/www.sgnafo-praxis.ch\/fr\/wp-json\/wp\/v2\/comments?post=11302"}],"version-history":[{"count":11,"href":"https:\/\/www.sgnafo-praxis.ch\/fr\/wp-json\/wp\/v2\/pages\/11302\/revisions"}],"predecessor-version":[{"id":37754,"href":"https:\/\/www.sgnafo-praxis.ch\/fr\/wp-json\/wp\/v2\/pages\/11302\/revisions\/37754"}],"up":[{"embeddable":true,"href":"https:\/\/www.sgnafo-praxis.ch\/fr\/wp-json\/wp\/v2\/pages\/11299"}],"wp:attachment":[{"href":"https:\/\/www.sgnafo-praxis.ch\/fr\/wp-json\/wp\/v2\/media?parent=11302"}],"curies":[{"name":"wp","href":"https:\/\/api.w.org\/{rel}","templated":true}]}}